{"id":26,"date":"2024-03-21T15:04:30","date_gmt":"2024-03-21T12:04:30","guid":{"rendered":"https:\/\/jomtaf.com\/?page_id=26"},"modified":"2025-01-26T08:25:12","modified_gmt":"2025-01-26T05:25:12","slug":"iletisim","status":"publish","type":"page","link":"https:\/\/jomtaf.com\/index.php\/iletisim\/","title":{"rendered":"\u0130leti\u015fim"},"content":{"rendered":"\n<p>Sorular\u0131n\u0131z ve g\u00f6r\u00fc\u015fleriniz i\u00e7in ileti\u015fim adresimiz <a href=\"mailto:info@jomtaf.com\" target=\"_blank\" rel=\"noopener\" title=\"\">info@jomtaf.com<\/a> adresine elektronik posta g\u00f6nderebilir ve a\u015fa\u011f\u0131daki sosyal medya ileti\u015fim kanallar\u0131n\u0131 takip edebilirsiniz.<\/p>\n\n\n\n<figure class=\"wp-block-image size-full is-resized\"><a href=\"mailto:info@jomtaf.com\"><img loading=\"lazy\" decoding=\"async\" width=\"310\" height=\"163\" src=\"https:\/\/jomtaf.com\/wp-content\/uploads\/mail-1.png\" alt=\"\" class=\"wp-image-162\" style=\"width:152px;height:auto\" srcset=\"https:\/\/jomtaf.com\/wp-content\/uploads\/mail-1.png 310w, https:\/\/jomtaf.com\/wp-content\/uploads\/mail-1-300x158.png 300w\" sizes=\"auto, (max-width: 310px) 100vw, 310px\" \/><\/a><\/figure>\n\n\n\n<figure class=\"wp-block-image size-full is-resized\"><img loading=\"lazy\" decoding=\"async\" width=\"106\" height=\"97\" src=\"https:\/\/jomtaf.com\/wp-content\/uploads\/instagram-1.png\" alt=\"\" class=\"wp-image-163\" style=\"width:110px;height:auto\"\/><\/figure>\n\n\n\n<figure class=\"wp-block-image size-full is-resized\"><a href=\"https:\/\/www.facebook.com\/profile.php?id=61565982156182\"><img loading=\"lazy\" decoding=\"async\" width=\"200\" height=\"200\" src=\"https:\/\/jomtaf.com\/wp-content\/uploads\/face-1.png\" alt=\"\" class=\"wp-image-164\" style=\"width:126px;height:auto\" srcset=\"https:\/\/jomtaf.com\/wp-content\/uploads\/face-1.png 200w, https:\/\/jomtaf.com\/wp-content\/uploads\/face-1-150x150.png 150w, https:\/\/jomtaf.com\/wp-content\/uploads\/face-1-70x70.png 70w\" sizes=\"auto, (max-width: 200px) 100vw, 200px\" \/><\/a><\/figure>\n\n\n\n<figure class=\"wp-block-image size-full is-resized\"><a href=\"https:\/\/x.com\/jomtaf\"><img loading=\"lazy\" decoding=\"async\" width=\"259\" height=\"194\" src=\"https:\/\/jomtaf.com\/wp-content\/uploads\/x-1.png\" alt=\"\" class=\"wp-image-165\" style=\"width:104px;height:auto\"\/><\/a><\/figure>\n\n\n\n<p><\/p>\n","protected":false},"excerpt":{"rendered":"<p>Sorular\u0131n\u0131z ve g\u00f6r\u00fc\u015fleriniz i\u00e7in ileti\u015fim adresimiz info@jomtaf.com adresine elektronik posta g\u00f6nderebilir ve a\u015fa\u011f\u0131daki sosyal medya ileti\u015fim kanallar\u0131n\u0131 takip edebilirsiniz.<\/p>\n","protected":false},"author":1,"featured_media":0,"parent":0,"menu_order":0,"comment_status":"closed","ping_status":"closed","template":"","meta":{"om_disable_all_campaigns":false,"_monsterinsights_skip_tracking":false,"_monsterinsights_sitenote_active":false,"_monsterinsights_sitenote_note":"","_monsterinsights_sitenote_category":0,"footnotes":""},"class_list":["post-26","page","type-page","status-publish","hentry"],"aioseo_notices":[],"_links":{"self":[{"href":"https:\/\/jomtaf.com\/index.php\/wp-json\/wp\/v2\/pages\/26","targetHints":{"allow":["GET"]}}],"collection":[{"href":"https:\/\/jomtaf.com\/index.php\/wp-json\/wp\/v2\/pages"}],"about":[{"href":"https:\/\/jomtaf.com\/index.php\/wp-json\/wp\/v2\/types\/page"}],"author":[{"embeddable":true,"href":"https:\/\/jomtaf.com\/index.php\/wp-json\/wp\/v2\/users\/1"}],"replies":[{"embeddable":true,"href":"https:\/\/jomtaf.com\/index.php\/wp-json\/wp\/v2\/comments?post=26"}],"version-history":[{"count":8,"href":"https:\/\/jomtaf.com\/index.php\/wp-json\/wp\/v2\/pages\/26\/revisions"}],"predecessor-version":[{"id":323,"href":"https:\/\/jomtaf.com\/index.php\/wp-json\/wp\/v2\/pages\/26\/revisions\/323"}],"wp:attachment":[{"href":"https:\/\/jomtaf.com\/index.php\/wp-json\/wp\/v2\/media?parent=26"}],"curies":[{"name":"wp","href":"https:\/\/api.w.org\/{rel}","templated":true}]}}